{"id":2729,"date":"2016-04-11T10:24:37","date_gmt":"2016-04-11T10:24:37","guid":{"rendered":"http:\/\/solution.cmsmart.net\/wp_printshop\/printshop_boxed2\/?page_id=2729"},"modified":"2022-09-27T14:38:55","modified_gmt":"2022-09-27T18:38:55","slug":"about-us","status":"publish","type":"page","link":"https:\/\/amstik.ca\/fr\/about-us\/","title":{"rendered":"About us"},"content":{"rendered":"<div data-elementor-type=\"wp-page\" data-elementor-id=\"2729\" class=\"elementor elementor-2729\" data-elementor-post-type=\"page\">\n\t\t\t\t\t\t<section class=\"elementor-section elementor-top-section elementor-element elementor-element-7b122665 elementor-section-height-min-height elementor-section-boxed elementor-section-height-default elementor-section-items-middle\" data-id=\"7b122665\" data-element_type=\"section\" data-settings=\"{&quot;background_background&quot;:&quot;classic&quot;}\">\n\t\t\t\t\t\t\t<div class=\"elementor-background-overlay\"><\/div>\n\t\t\t\t\t\t\t<div class=\"elementor-container elementor-column-gap-default\">\n\t\t\t\t\t<div class=\"elementor-column elementor-col-50 elementor-top-column elementor-element elementor-element-60e8869b\" data-id=\"60e8869b\" data-element_type=\"column\">\n\t\t\t<div class=\"elementor-widget-wrap elementor-element-populated\">\n\t\t\t\t\t\t<div class=\"elementor-element elementor-element-6b90f610 elementor-widget elementor-widget-heading\" data-id=\"6b90f610\" data-element_type=\"widget\" data-widget_type=\"heading.default\">\n\t\t\t\t<div class=\"elementor-widget-container\">\n\t\t\t<h2 class=\"elementor-heading-title elementor-size-default\">Bienvenue \u00e0 Amstik.ca<\/h2>\t\t<\/div>\n\t\t\t\t<\/div>\n\t\t\t\t<div class=\"elementor-element elementor-element-2523b3b8 elementor-widget elementor-widget-text-editor\" data-id=\"2523b3b8\" data-element_type=\"widget\" data-widget_type=\"text-editor.default\">\n\t\t\t\t<div class=\"elementor-widget-container\">\n\t\t\t\t\t\t\t<div class=\"v1elementToProof\">Amstik inc. a ouvert ses portes en 1985, et a depuis \u00e9t\u00e9 \u00e9largi \u00e0 partir d&#039;un local de quatre.<\/div><div>\u00a0<\/div><div class=\"v1elementToProof\">Comme une famille, entreprise locale de notre passion ex\u00e9cute fort.\u00a0<\/div><div class=\"v1elementToProof\">Nous sommes un m\u00e9dia complet et d&#039;impression de l&#039;entreprise, nous avons une grande \u00e9quipe de graphistes, dans la maison d&#039;impression de flexo de l&#039;offset, impression grand format, impression num\u00e9rique, l&#039;emballage et plus.<\/div><div>\u00a0<\/div><div class=\"v1elementToProof\">Avec plus de 37 ann\u00e9es d&#039;exp\u00e9rience, nous nous engageons \u00e0 aider nos clients \u00e0 trouver les meilleures solutions possibles pour repr\u00e9senter leur marque au meilleur prix possible.<\/div>\t\t\t\t\t\t<\/div>\n\t\t\t\t<\/div>\n\t\t\t\t\t<\/div>\n\t\t<\/div>\n\t\t\t\t<div class=\"elementor-column elementor-col-50 elementor-top-column elementor-element elementor-element-1fef58af\" data-id=\"1fef58af\" data-element_type=\"column\">\n\t\t\t<div class=\"elementor-widget-wrap elementor-element-populated\">\n\t\t\t\t\t\t<div class=\"elementor-element elementor-element-22bb675c elementor-widget elementor-widget-image\" data-id=\"22bb675c\" data-element_type=\"widget\" data-settings=\"{&quot;motion_fx_motion_fx_scrolling&quot;:&quot;yes&quot;,&quot;motion_fx_translateY_effect&quot;:&quot;yes&quot;,&quot;motion_fx_translateY_speed&quot;:{&quot;unit&quot;:&quot;px&quot;,&quot;size&quot;:&quot;1&quot;,&quot;sizes&quot;:[]},&quot;motion_fx_translateY_affectedRange&quot;:{&quot;unit&quot;:&quot;%&quot;,&quot;size&quot;:&quot;&quot;,&quot;sizes&quot;:{&quot;start&quot;:0,&quot;end&quot;:100}},&quot;motion_fx_devices&quot;:[&quot;desktop&quot;,&quot;laptop&quot;,&quot;tablet&quot;,&quot;mobile&quot;]}\" data-widget_type=\"image.default\">\n\t\t\t\t<div class=\"elementor-widget-container\">\n\t\t\t\t\t\t\t\t\t\t\t\t\t<img fetchpriority=\"high\" decoding=\"async\" width=\"440\" height=\"440\" src=\"https:\/\/amstik.ca\/wp-content\/uploads\/2020\/12\/About-Page-intro-pic.png\" class=\"attachment-full size-full wp-image-54503\" alt=\"\" srcset=\"https:\/\/amstik.ca\/wp-content\/uploads\/2020\/12\/About-Page-intro-pic.png 440w, https:\/\/amstik.ca\/wp-content\/uploads\/2020\/12\/About-Page-intro-pic-100x100.png 100w, https:\/\/amstik.ca\/wp-content\/uploads\/2020\/12\/About-Page-intro-pic-150x150.png 150w, https:\/\/amstik.ca\/wp-content\/uploads\/2020\/12\/About-Page-intro-pic-300x300.png 300w, https:\/\/amstik.ca\/wp-content\/uploads\/2020\/12\/About-Page-intro-pic-99x99.png 99w\" sizes=\"(max-width: 440px) 100vw, 440px\" \/>\t\t\t\t\t\t\t\t\t\t\t\t\t<\/div>\n\t\t\t\t<\/div>\n\t\t\t\t\t<\/div>\n\t\t<\/div>\n\t\t\t\t\t<\/div>\n\t\t<\/section>\n\t\t\t\t<\/div>","protected":false},"excerpt":{"rendered":"<p>Welcome to Amstik.ca Amstik inc. opened it&#8217;s doors in 1985 and has since expanded from one local to four.\u00a0As a family run, local business our passion runs strong.\u00a0We are a full media and print company, we have a large team of graphic artists, in house printing from flexo to offset, large format printing, digital printing, &hellip;<\/p>\n<p class=\"read-more\"> <a class=\"\" href=\"https:\/\/amstik.ca\/fr\/about-us\/\"> <span class=\"screen-reader-text\">About us<\/span> Lire la suite\u00a0\u00bb<\/a><\/p>","protected":false},"author":1,"featured_media":0,"parent":0,"menu_order":0,"comment_status":"closed","ping_status":"closed","template":"","meta":{"site-sidebar-layout":"default","site-content-layout":"default","ast-global-header-display":"","ast-main-header-display":"","ast-hfb-above-header-display":"","ast-hfb-below-header-display":"","ast-hfb-mobile-header-display":"","site-post-title":"","ast-breadcrumbs-content":"","ast-featured-img":"","footer-sml-layout":"","theme-transparent-header-meta":"","adv-header-id-meta":"","stick-header-meta":"","header-above-stick-meta":"","header-main-stick-meta":"","header-below-stick-meta":"","footnotes":""},"class_list":["post-2729","page","type-page","status-publish","hentry"],"_links":{"self":[{"href":"https:\/\/amstik.ca\/fr\/wp-json\/wp\/v2\/pages\/2729","targetHints":{"allow":["GET"]}}],"collection":[{"href":"https:\/\/amstik.ca\/fr\/wp-json\/wp\/v2\/pages"}],"about":[{"href":"https:\/\/amstik.ca\/fr\/wp-json\/wp\/v2\/types\/page"}],"author":[{"embeddable":true,"href":"https:\/\/amstik.ca\/fr\/wp-json\/wp\/v2\/users\/1"}],"replies":[{"embeddable":true,"href":"https:\/\/amstik.ca\/fr\/wp-json\/wp\/v2\/comments?post=2729"}],"version-history":[{"count":0,"href":"https:\/\/amstik.ca\/fr\/wp-json\/wp\/v2\/pages\/2729\/revisions"}],"wp:attachment":[{"href":"https:\/\/amstik.ca\/fr\/wp-json\/wp\/v2\/media?parent=2729"}],"curies":[{"name":"wp","href":"https:\/\/api.w.org\/{rel}","templated":true}]}}