{"id":3,"date":"2020-09-13T15:45:09","date_gmt":"2020-09-13T15:45:09","guid":{"rendered":"https:\/\/www.moxomedia.ca\/test\/?page_id=3"},"modified":"2022-09-27T11:40:58","modified_gmt":"2022-09-27T15:40:58","slug":"privacy-policy","status":"publish","type":"page","link":"https:\/\/amstik.ca\/fr\/privacy-policy\/","title":{"rendered":"Politique De Confidentialit\u00e9"},"content":{"rendered":"<div data-elementor-type=\"wp-page\" data-elementor-id=\"3\" class=\"elementor elementor-3\" data-elementor-post-type=\"page\">\n\t\t\t\t\t\t<section class=\"elementor-section elementor-top-section elementor-element elementor-element-154465e1 elementor-section-boxed elementor-section-height-default elementor-section-height-default\" data-id=\"154465e1\" data-element_type=\"section\">\n\t\t\t\t\t\t<div class=\"elementor-container elementor-column-gap-default\">\n\t\t\t\t\t<div class=\"elementor-column elementor-col-100 elementor-top-column elementor-element elementor-element-404a927e\" data-id=\"404a927e\" data-element_type=\"column\">\n\t\t\t<div class=\"elementor-widget-wrap elementor-element-populated\">\n\t\t\t\t\t\t<div class=\"elementor-element elementor-element-be87ae7 elementor-widget elementor-widget-text-editor\" data-id=\"be87ae7\" data-element_type=\"widget\" data-widget_type=\"text-editor.default\">\n\t\t\t\t<div class=\"elementor-widget-container\">\n\t\t\t\t\t\t\t<h2><b>Politique De Confidentialit\u00e9<br><\/b><\/h2><div><b><br><\/b><\/div>\n<h4><b><\/b><strong>En Vigueur Le 28 Juin 2021<\/strong><\/h4>\n<h5><span class=\"mceItemHidden\">Amstik les valeurs de ses clients et respecte leur vie priv\u00e9e. Nous recueillons des informations sur les clients dans un effort pour am\u00e9liorer vos achats et de la commande de l&#039;exp\u00e9rience et de communiquer avec vous au sujet de nos produits, services, concours et promotions. Amstik reconna\u00eet qu&#039;il importe de conserver et d&#039;utiliser les informations de mani\u00e8re responsable. Nous ne vendons pas les renseignements que vous fournissez \u00e0 des tiers.&nbsp;<\/span><\/h5>\n<div>&nbsp;<\/div>\n<div>&nbsp;<\/div>\n<div>\n<hr>\n<\/div>\n<h4>&nbsp;<\/h4>\n<h4><b><br>CE QUE NOUS COLLECTONS<\/b><\/h4>\n<h5><span class=\"mceItemHidden\">Nous recueillons des informations (telles que votre nom, adresse \u00e9lectronique, adresse postale, t\u00e9l\u00e9phone et num\u00e9ros de carte de cr\u00e9dit) que vous fournissez lorsque vous placez une&nbsp;<span class=\"mceItemHiddenSpellWord\">en ligne<\/span>&nbsp;ou hors ligne de commande. Votre carte de cr\u00e9dit ou toute information de paiement n&#039;est jamais partag\u00e9e avec une tierce partie pour une raison quelconque. Toutes les informations que vous fournissez sont stock\u00e9es sur nos serveurs s\u00e9curis\u00e9s et crypt\u00e9s lorsqu&#039;il est envoy\u00e9 pour traitement.&nbsp;<\/span><\/h5>\n<h5><span class=\"mceItemHidden\">&nbsp;<\/span><\/h5>\n<h5>Il vous sera \u00e9galement automatiquement inscrit pour recevoir des mises \u00e0 jour. Si vous participez \u00e0 un concours ou \u00e0 une promotion (<span class=\"mceItemHiddenSpellWord\">en ligne<\/span> ou par t\u00e9l\u00e9phone), vous pouvez choisir de recevoir par courriel des mises \u00e0 jour sur nos produits, services, concours et promotions. avec notre hebdomadaire ou mensuelle des bulletins d&#039;information.&nbsp;<span class=\"mceItemHidden\">Si \u00e0 tout moment vous souhaitez vous retirer de notre e-mail ou postale, listes de diffusion, n&#039;h\u00e9sitez pas \u00e0 contacter Amstik service \u00e0 la client\u00e8le \u00e0 la newsletter(@)Amstik.ca s&#039;il vous Pla\u00eet assurez-vous d&#039;inclure le nom complet et l&#039;adresse de courriel que vous aimeriez avoir retir\u00e9 de notre liste.<\/span><\/h5>\n<div>&nbsp;<\/div>\n<div>&nbsp;<\/div>\n<div>\n<hr>\n<\/div>\n<div>&nbsp;<\/div>\n<div>&nbsp;<\/div>\n<div>\n<h4><strong>COMMENT PROT\u00c9GEONS-NOUS VOS INFORMATIONS?<\/strong><\/h4>\n<h5><strong><br><\/strong><span class=\"mceItemHidden\">Vos informations personnelles sont contenues dans des r\u00e9seaux s\u00e9curis\u00e9s et ne sont accessibles que par un nombre limit\u00e9 de personnes qui ont des droits d&#039;acc\u00e8s sp\u00e9ciaux \u00e0 ces syst\u00e8mes, et sont tenus de garder l&#039;information confidentielle. Lorsque vous passez une commande ou acc\u00e9dez \u00e0 vos renseignements personnels, nous vous proposons l&#039;utilisation d&#039;un serveur s\u00e9curis\u00e9. Toutes les informations sensibles au cr\u00e9dit que vous fournissez sont transmises via Secure Socket Layer (<span class=\"mceItemHiddenSpellWord\">SSL<\/span>la technologie et puis crypt\u00e9es dans nos bases de donn\u00e9es pour \u00eatre accessible uniquement comme indiqu\u00e9 ci-dessus. L&#039;&nbsp;<span class=\"mceItemHiddenSpellWord\">Amstik<\/span>&nbsp;le personnel et \u00e0 tous les affili\u00e9s tous signer des accords de non-divulgation sont sont tenus de tenir \u00e0 des secrets commerciaux ou d&#039;autres informations sensibles.&nbsp;<\/span><\/h5>\n<\/div>\n<hr>\n<h5>&nbsp;<\/h5>\n<h4><b>RETIRER VOTRE NOM DE NOTRE LISTE DE DIFFUSION<\/b><\/h4>\n<h5><span class=\"mceItemHidden\">Nous voulons communiquer avec vous que si vous voulez entendre parler de nous. Si vous pr\u00e9f\u00e9rez ne pas recevoir d&#039;informations de notre part, soit par courriel, par courrier postal ou par t\u00e9l\u00e9phone, s&#039;il vous pla\u00eet laissez-nous savoir en nous envoyant un email \u00e0 support(at)Amstik.ca<\/span><\/h5>\n<h5><span class=\"mceItemHidden\">En outre, si vous nous demandez de supprimer votre nom et l&#039;adresse de notre e-mail ou postale, listes de diffusion, nous conserverons votre nom dans un \u201cne pas envoyer\u201d dossier pour s&#039;assurer que nous pouvons r\u00e9pondre \u00e0 votre demande. Veuillez \u00e9galement noter que lorsque vous faites un achat, nous vous enverrons un e-mail pour confirmer votre commande et peuvent \u00e9galement avoir besoin de vous contacter par t\u00e9l\u00e9phone, courrier ou e-mail si nous avons d&#039;autres questions concernant votre commande.<\/span><\/h5>\n<h5>&nbsp;<\/h5>\n<h5>&nbsp;<\/h5>\t\t\t\t\t\t<\/div>\n\t\t\t\t<\/div>\n\t\t\t\t\t<\/div>\n\t\t<\/div>\n\t\t\t\t\t<\/div>\n\t\t<\/section>\n\t\t\t\t<\/div>","protected":false},"excerpt":{"rendered":"<p>Privacy Policy Effective June 28, 2021 Amstik values its customers and respects their privacy. We collect customer information in an effort to improve your shopping and ordering experience and to communicate with you about our products, services, contests, and promotions. Amstik&nbsp;recognizes that it must maintain and use customer information responsibly. We do not sell any &hellip;<\/p>\n<p class=\"read-more\"> <a class=\"\" href=\"https:\/\/amstik.ca\/fr\/privacy-policy\/\"> <span class=\"screen-reader-text\">Politique De Confidentialit\u00e9<\/span> Lire la suite\u00a0\u00bb<\/a><\/p>","protected":false},"author":1,"featured_media":0,"parent":0,"menu_order":0,"comment_status":"closed","ping_status":"open","template":"","meta":{"site-sidebar-layout":"default","site-content-layout":"default","ast-global-header-display":"","ast-main-header-display":"","ast-hfb-above-header-display":"","ast-hfb-below-header-display":"","ast-hfb-mobile-header-display":"","site-post-title":"","ast-breadcrumbs-content":"","ast-featured-img":"","footer-sml-layout":"","theme-transparent-header-meta":"","adv-header-id-meta":"","stick-header-meta":"","header-above-stick-meta":"","header-main-stick-meta":"","header-below-stick-meta":"","footnotes":""},"class_list":["post-3","page","type-page","status-publish","hentry"],"_links":{"self":[{"href":"https:\/\/amstik.ca\/fr\/wp-json\/wp\/v2\/pages\/3","targetHints":{"allow":["GET"]}}],"collection":[{"href":"https:\/\/amstik.ca\/fr\/wp-json\/wp\/v2\/pages"}],"about":[{"href":"https:\/\/amstik.ca\/fr\/wp-json\/wp\/v2\/types\/page"}],"author":[{"embeddable":true,"href":"https:\/\/amstik.ca\/fr\/wp-json\/wp\/v2\/users\/1"}],"replies":[{"embeddable":true,"href":"https:\/\/amstik.ca\/fr\/wp-json\/wp\/v2\/comments?post=3"}],"version-history":[{"count":0,"href":"https:\/\/amstik.ca\/fr\/wp-json\/wp\/v2\/pages\/3\/revisions"}],"wp:attachment":[{"href":"https:\/\/amstik.ca\/fr\/wp-json\/wp\/v2\/media?parent=3"}],"curies":[{"name":"wp","href":"https:\/\/api.w.org\/{rel}","templated":true}]}}