{"id":5438,"date":"2020-11-06T20:42:18","date_gmt":"2020-11-06T20:42:18","guid":{"rendered":"https:\/\/www.moxomedia.ca\/?page_id=5438"},"modified":"2021-03-22T10:02:00","modified_gmt":"2021-03-22T14:02:00","slug":"our-guarantee","status":"publish","type":"page","link":"https:\/\/amstik.ca\/fr\/our-guarantee\/","title":{"rendered":"Notre Garantie"},"content":{"rendered":"<div data-elementor-type=\"wp-page\" data-elementor-id=\"5438\" class=\"elementor elementor-5438\" data-elementor-post-type=\"page\">\n\t\t\t\t\t\t<section class=\"elementor-section elementor-top-section elementor-element elementor-element-06fca2a elementor-section-boxed elementor-section-height-default elementor-section-height-default\" data-id=\"06fca2a\" data-element_type=\"section\">\n\t\t\t\t\t\t<div class=\"elementor-container elementor-column-gap-default\">\n\t\t\t\t\t<div class=\"elementor-column elementor-col-100 elementor-top-column elementor-element elementor-element-4419b4b\" data-id=\"4419b4b\" data-element_type=\"column\">\n\t\t\t<div class=\"elementor-widget-wrap elementor-element-populated\">\n\t\t\t\t\t\t<div class=\"elementor-element elementor-element-2dc9e4d elementor-vertical-align-top elementor-widget elementor-widget-image-box\" data-id=\"2dc9e4d\" data-element_type=\"widget\" data-widget_type=\"image-box.default\">\n\t\t\t\t<div class=\"elementor-widget-container\">\n\t\t\t<div class=\"elementor-image-box-wrapper\"><div class=\"elementor-image-box-content\"><h3 class=\"elementor-image-box-title\">Satisfaction Garantie<\/h3><p class=\"elementor-image-box-description\">Notre \u00e9quipe travaillera avec vous pour nous assurer de cr\u00e9er visuellement l&#039;image que vous voulez pour votre nouvelle entreprise. Si \u00e0 tout moment au cours de la phase initiale du projet vous estimez que notre \u00e9quipe n&#039;a pas d\u00e9velopp\u00e9 l&#039;aspect et le toucher, vous pouvez demander un remboursement ou d&#039;une refonte avec le respect de nos conditions de remboursement. Nous sommes par tout ce que nous offrons et de la production, de 100%.\nVotre satisfaction ou votre dos d&#039;argent.\n<\/p><\/div><\/div>\t\t<\/div>\n\t\t\t\t<\/div>\n\t\t\t\t\t<\/div>\n\t\t<\/div>\n\t\t\t\t\t<\/div>\n\t\t<\/section>\n\t\t\t\t<section class=\"elementor-section elementor-top-section elementor-element elementor-element-050c65b elementor-section-boxed elementor-section-height-default elementor-section-height-default\" data-id=\"050c65b\" data-element_type=\"section\">\n\t\t\t\t\t\t<div class=\"elementor-container elementor-column-gap-default\">\n\t\t\t\t\t<div class=\"elementor-column elementor-col-100 elementor-top-column elementor-element elementor-element-0edeebf\" data-id=\"0edeebf\" data-element_type=\"column\">\n\t\t\t<div class=\"elementor-widget-wrap elementor-element-populated\">\n\t\t\t\t\t\t<div class=\"elementor-element elementor-element-43de669 elementor-vertical-align-top elementor-widget elementor-widget-image-box\" data-id=\"43de669\" data-element_type=\"widget\" data-widget_type=\"image-box.default\">\n\t\t\t\t<div class=\"elementor-widget-container\">\n\t\t\t<div class=\"elementor-image-box-wrapper\"><div class=\"elementor-image-box-content\"><h3 class=\"elementor-image-box-title\">De L&#039;Exp\u00e9rience, Vous Pouvez Faire Confiance<\/h3><p class=\"elementor-image-box-description\">Moxo est fier de ses 28 ann\u00e9es d&#039;exp\u00e9rience en conception, nous avons \u00e0 notre actif. \u00catre un chef de file en ligne, la conception graphique et l&#039;impression depuis 1992. Tous nos concepteurs, gestionnaires de projet, les gestionnaires d&#039;impression et l&#039;image de marque des experts ont \u00e9t\u00e9 form\u00e9s professionnellement et vous pouvez \u00eatre s\u00fbr que vous avez fait le bon choix en choisissant Moxo!<\/p><\/div><\/div>\t\t<\/div>\n\t\t\t\t<\/div>\n\t\t\t\t\t<\/div>\n\t\t<\/div>\n\t\t\t\t\t<\/div>\n\t\t<\/section>\n\t\t\t\t<section class=\"elementor-section elementor-top-section elementor-element elementor-element-892aed2 elementor-section-boxed elementor-section-height-default elementor-section-height-default\" data-id=\"892aed2\" data-element_type=\"section\">\n\t\t\t\t\t\t<div class=\"elementor-container elementor-column-gap-default\">\n\t\t\t\t\t<div class=\"elementor-column elementor-col-100 elementor-top-column elementor-element elementor-element-631d776\" data-id=\"631d776\" data-element_type=\"column\">\n\t\t\t<div class=\"elementor-widget-wrap elementor-element-populated\">\n\t\t\t\t\t\t<div class=\"elementor-element elementor-element-358aa5b elementor-vertical-align-top elementor-widget elementor-widget-image-box\" data-id=\"358aa5b\" data-element_type=\"widget\" data-widget_type=\"image-box.default\">\n\t\t\t\t<div class=\"elementor-widget-container\">\n\t\t\t<div class=\"elementor-image-box-wrapper\"><div class=\"elementor-image-box-content\"><h3 class=\"elementor-image-box-title\">Facile et Pratique<\/h3><p class=\"elementor-image-box-description\">Moxo vous permet de prendre soin de votre nouvelle image de l&#039;entreprise et des besoins d&#039;impression sans jamais quitter votre maison ou bureau. Notre site internet est ouvert 24 heures par jour, 7 jours par semaine. Notre site web a \u00e9t\u00e9 cr\u00e9\u00e9 pour vous assurer que tous vos conception les questions sont r\u00e9pondues. Il suffit d&#039;aller \u00e0 MoxoMedia.com et ajouter tout ce que vous avez besoin de votre panier d&#039;achats et Moxo prend en charge le reste. Vous aurez la communication directe avec nos designers, \u00e0 tout moment, m\u00eame apr\u00e8s que votre projet est termin\u00e9!<\/p><\/div><\/div>\t\t<\/div>\n\t\t\t\t<\/div>\n\t\t\t\t\t<\/div>\n\t\t<\/div>\n\t\t\t\t\t<\/div>\n\t\t<\/section>\n\t\t\t\t<\/div>","protected":false},"excerpt":{"rendered":"<p>Satisfaction Guaranteed Our design team will work with you to make sure that we visually create the image you want for your new business. If at any time during the initial design stage you feel our team has not developed the right look and feel, you may request a refund or a redesign with respect &hellip;<\/p>\n<p class=\"read-more\"> <a class=\"\" href=\"https:\/\/amstik.ca\/fr\/our-guarantee\/\"> <span class=\"screen-reader-text\">Notre Garantie<\/span> Lire la suite\u00a0\u00bb<\/a><\/p>","protected":false},"author":1,"featured_media":0,"parent":0,"menu_order":0,"comment_status":"closed","ping_status":"closed","template":"","meta":{"site-sidebar-layout":"default","site-content-layout":"default","ast-global-header-display":"","ast-main-header-display":"","ast-hfb-above-header-display":"","ast-hfb-below-header-display":"","ast-hfb-mobile-header-display":"","site-post-title":"","ast-breadcrumbs-content":"","ast-featured-img":"","footer-sml-layout":"","theme-transparent-header-meta":"","adv-header-id-meta":"","stick-header-meta":"","header-above-stick-meta":"","header-main-stick-meta":"","header-below-stick-meta":"","footnotes":""},"class_list":["post-5438","page","type-page","status-publish","hentry"],"_links":{"self":[{"href":"https:\/\/amstik.ca\/fr\/wp-json\/wp\/v2\/pages\/5438","targetHints":{"allow":["GET"]}}],"collection":[{"href":"https:\/\/amstik.ca\/fr\/wp-json\/wp\/v2\/pages"}],"about":[{"href":"https:\/\/amstik.ca\/fr\/wp-json\/wp\/v2\/types\/page"}],"author":[{"embeddable":true,"href":"https:\/\/amstik.ca\/fr\/wp-json\/wp\/v2\/users\/1"}],"replies":[{"embeddable":true,"href":"https:\/\/amstik.ca\/fr\/wp-json\/wp\/v2\/comments?post=5438"}],"version-history":[{"count":0,"href":"https:\/\/amstik.ca\/fr\/wp-json\/wp\/v2\/pages\/5438\/revisions"}],"wp:attachment":[{"href":"https:\/\/amstik.ca\/fr\/wp-json\/wp\/v2\/media?parent=5438"}],"curies":[{"name":"wp","href":"https:\/\/api.w.org\/{rel}","templated":true}]}}